{"id":35,"date":"2024-07-20T07:32:43","date_gmt":"2024-07-20T07:32:43","guid":{"rendered":"https:\/\/serviskayatek.com\/?page_id=35"},"modified":"2024-07-20T07:32:43","modified_gmt":"2024-07-20T07:32:43","slug":"ariston-servisi","status":"publish","type":"page","link":"https:\/\/serviskayatek.com\/?page_id=35","title":{"rendered":"Ariston Servisi"},"content":{"rendered":"<p><strong>Kombi<\/strong>\u00a0\u2018 ler uzun y\u0131llard\u0131r \u00fclkemizde be\u011feni ile kullan\u0131lmaktad\u0131r. Kombi ve di\u011fer kombi \u00fcr\u00fcnleri; modelleri, \u00fcretim y\u0131llar\u0131, \u00e7al\u0131\u015fma ko\u015fullar\u0131 ne olursa olsun olduk\u00e7a verimli ve g\u00fcvenli bir \u015fekilde \u00e7al\u0131\u015fmaya devam etmektedirler.<\/p>\n<p><strong>Ancak her elektronik ve mekanik alet gibi bak\u0131ma ihtiya\u00e7 duyarlar.<\/strong>\u00a0Y\u0131ll\u0131k bak\u0131mlar\u0131 yap\u0131ld\u0131\u011f\u0131 s\u00fcrece bozulmalar\u0131 k\u00fc\u00e7\u00fck olas\u0131l\u0131kt\u0131r. Hem bak\u0131m hemde bozulmalar sonras\u0131 tamir ve servis hizmetlerinde\u00a0<strong>do\u011fru ve g\u00fcvenilir servisi se\u00e7meniz de olduk\u00e7a \u00f6nemlidir.<\/strong>\u00a018 y\u0131ll\u0131k deneyimi ve verdi\u011fi garantiler ile\u00a0<strong>Merkez Servisleri<\/strong>\u00a0en do\u011fru adreslerden biridir.<\/p>\n<h2>0452 606 00 52<br \/>\n0452 606 00 28<\/h2>\n<h3><\/h3>\n<h2>18 Y\u0131ll\u0131k hizmet tecr\u00fcbesine sahip firmam\u0131z TSE belgelidir. Kombi ve hidrofor da Marka g\u00f6zetmeksizin profesyonel ve garantili servis hizmeti veriyoruz.<\/h2>\n<p>Gezici servislerimiz sayesinde \u0130liniz s\u0131n\u0131rlar\u0131 i\u00e7erisindeki t\u00fcm mahallelere H\u0131zl\u0131-Acil ve kesintisiz hizmet sunuyoruz. Uzman teknik kadromuzu m\u00fc\u015fterilerimizin memnuniyeti do\u011frultusun da geni\u015fletmeye devam ediyoruz.<\/p>\n<p>Destek Hatt\u0131n\u0131 kullanarak bize ula\u015f\u0131n ve size en yak\u0131n gezici servis ekibimizi y\u00f6nlendirelim.<\/p>\n<ul>\n<li><strong>HIJYEN\u0130K KO\u015eULLARDA<\/strong><\/li>\n<li><strong>7 G\u00dcN 24 SAAT<\/strong><\/li>\n<li><strong>DEGIST\u0130R\u0130LEN HER PARCAYA 1 YIL GARANT\u0130 GUVENCES\u0130<\/strong><\/li>\n<li><strong>HIZLI VE GUVEN\u0130L\u0130R B\u0130R SERV\u0130S H\u0130ZMET\u0130 \u0130\u00c7\u0130N B\u0130Z\u0130 ARAYIN<\/strong><\/li>\n<\/ul>\n<h2>0452 606 00 52<br \/>\n0452 606 00 28<\/h2>\n<p>&nbsp;<\/p>\n<p>Evlerinizde ve i\u015fyerlerinizde kullanm\u0131\u015f oldu\u011funuz kombilere mutlaka y\u0131lda en az bir kez periyodik\u00a0<strong>bak\u0131m<\/strong>\u00a0yapt\u0131r\u0131n\u0131z. bak\u0131m i\u015flemi do\u011falgazdan tasarruf ve cihazlar\u0131n\u0131za uzun \u00f6m\u00fcr sa\u011flayacakt\u0131r. Unutulmamal\u0131d\u0131r ki bak\u0131m\u0131 yap\u0131lm\u0131\u015f bir kombi daha emniyetli \u00e7al\u0131\u015fmaktad\u0131r.<\/p>\n<p>G\u00fcn\u00fcm\u00fczde art\u0131k neredeyse her sekt\u00f6rden ki\u015fi veya tamirciler\u00a0<strong>kombi servisi<\/strong>\u00a0gibi hizmet vermeye \u00e7al\u0131\u015fmakta. ancak ne yaz\u0131kki as\u0131l i\u015fleri kombi servisli\u011fi olmad\u0131\u011f\u0131ndan, tamir i\u015flemi yapmaya \u00e7al\u0131\u015f\u0131rken, cihazlar\u0131 daha da bozmaktad\u0131rlar. bu gibi durumlar olmamas\u0131 a\u00e7\u0131s\u0131ndan, m\u00fc\u015fterilerimize \u00f6nerimiz, tse belgesi olan, i\u015finin ehli yada yetkili b\u00f6lge servisiniz se\u00e7meleri olacakt\u0131r. \u0130yi G\u00fcnler Dileriz\u2026<\/p>\n","protected":false},"excerpt":{"rendered":"<p>Kombi\u00a0\u2018 ler uzun y\u0131llard\u0131r \u00fclkemizde be\u011feni ile kullan\u0131lmaktad\u0131r. Kombi ve di\u011fer kombi \u00fcr\u00fcnleri; modelleri, \u00fcretim y\u0131llar\u0131, \u00e7al\u0131\u015fma ko\u015fullar\u0131 ne olursa olsun olduk\u00e7a verimli ve g\u00fcvenli bir \u015fekilde \u00e7al\u0131\u015fmaya devam etmektedirler. Ancak her elektronik ve mekanik alet gibi bak\u0131ma ihtiya\u00e7 duyarlar.\u00a0Y\u0131ll\u0131k bak\u0131mlar\u0131 yap\u0131ld\u0131\u011f\u0131 s\u00fcrece bozulmalar\u0131 k\u00fc\u00e7\u00fck olas\u0131l\u0131kt\u0131r. Hem bak\u0131m hemde bozulmalar sonras\u0131 tamir ve servis hizmetlerinde\u00a0do\u011fru [&hellip;]<\/p>\n","protected":false},"author":1,"featured_media":0,"parent":0,"menu_order":0,"comment_status":"closed","ping_status":"closed","template":"","meta":{"footnotes":""},"class_list":["post-35","page","type-page","status-publish","hentry"],"_links":{"self":[{"href":"https:\/\/serviskayatek.com\/index.php?rest_route=\/wp\/v2\/pages\/35","targetHints":{"allow":["GET"]}}],"collection":[{"href":"https:\/\/serviskayatek.com\/index.php?rest_route=\/wp\/v2\/pages"}],"about":[{"href":"https:\/\/serviskayatek.com\/index.php?rest_route=\/wp\/v2\/types\/page"}],"author":[{"embeddable":true,"href":"https:\/\/serviskayatek.com\/index.php?rest_route=\/wp\/v2\/users\/1"}],"replies":[{"embeddable":true,"href":"https:\/\/serviskayatek.com\/index.php?rest_route=%2Fwp%2Fv2%2Fcomments&post=35"}],"version-history":[{"count":1,"href":"https:\/\/serviskayatek.com\/index.php?rest_route=\/wp\/v2\/pages\/35\/revisions"}],"predecessor-version":[{"id":36,"href":"https:\/\/serviskayatek.com\/index.php?rest_route=\/wp\/v2\/pages\/35\/revisions\/36"}],"wp:attachment":[{"href":"https:\/\/serviskayatek.com\/index.php?rest_route=%2Fwp%2Fv2%2Fmedia&parent=35"}],"curies":[{"name":"wp","href":"https:\/\/api.w.org\/{rel}","templated":true}]}}